{"id":1529,"date":"2024-01-29T10:04:14","date_gmt":"2024-01-29T10:04:14","guid":{"rendered":"https:\/\/qmetrics.pt\/?page_id=1529"},"modified":"2024-03-12T17:14:14","modified_gmt":"2024-03-12T17:14:14","slug":"estudos","status":"publish","type":"page","link":"https:\/\/qmetrics.pt\/en\/clientes\/estudos\/","title":{"rendered":"(Portugu\u00eas) Acesso autorizado ao Question\u00e1rio sobre as Telecomunica\u00e7\u00f5es nas empresas"},"content":{"rendered":"<p class=\"qtranxs-available-languages-message qtranxs-available-languages-message-en\">Sorry, this entry is only available in <a href=\"https:\/\/qmetrics.pt\/pt\/wp-json\/wp\/v2\/pages\/1529\" class=\"qtranxs-available-language-link qtranxs-available-language-link-pt\" title=\"Portugu\u00eas\">Portugu\u00eas<\/a>.<\/p>","protected":false},"excerpt":{"rendered":"<p>Sorry, this entry is only available in Portugu\u00eas.<\/p>\n","protected":false},"author":3,"featured_media":1335,"parent":256,"menu_order":0,"comment_status":"closed","ping_status":"closed","template":"","meta":{"footnotes":""},"_links":{"self":[{"href":"https:\/\/qmetrics.pt\/en\/wp-json\/wp\/v2\/pages\/1529"}],"collection":[{"href":"https:\/\/qmetrics.pt\/en\/wp-json\/wp\/v2\/pages"}],"about":[{"href":"https:\/\/qmetrics.pt\/en\/wp-json\/wp\/v2\/types\/page"}],"author":[{"embeddable":true,"href":"https:\/\/qmetrics.pt\/en\/wp-json\/wp\/v2\/users\/3"}],"replies":[{"embeddable":true,"href":"https:\/\/qmetrics.pt\/en\/wp-json\/wp\/v2\/comments?post=1529"}],"version-history":[{"count":45,"href":"https:\/\/qmetrics.pt\/en\/wp-json\/wp\/v2\/pages\/1529\/revisions"}],"predecessor-version":[{"id":1606,"href":"https:\/\/qmetrics.pt\/en\/wp-json\/wp\/v2\/pages\/1529\/revisions\/1606"}],"up":[{"embeddable":true,"href":"https:\/\/qmetrics.pt\/en\/wp-json\/wp\/v2\/pages\/256"}],"wp:featuredmedia":[{"embeddable":true,"href":"https:\/\/qmetrics.pt\/en\/wp-json\/wp\/v2\/media\/1335"}],"wp:attachment":[{"href":"https:\/\/qmetrics.pt\/en\/wp-json\/wp\/v2\/media?parent=1529"}],"curies":[{"name":"wp","href":"https:\/\/api.w.org\/{rel}","templated":true}]}}